{"id":309,"date":"2025-07-03T16:33:02","date_gmt":"2025-07-03T14:33:02","guid":{"rendered":"https:\/\/biondec.com\/?page_id=309"},"modified":"2026-02-25T15:59:07","modified_gmt":"2026-02-25T14:59:07","slug":"privacy-policy","status":"publish","type":"page","link":"https:\/\/biondec.com\/en\/privacy-policy\/","title":{"rendered":"Privacy policy"},"content":{"rendered":"[vc_row type=&#8221;in_container&#8221; full_screen_row_position=&#8221;middle&#8221; column_margin=&#8221;default&#8221; column_direction=&#8221;default&#8221; column_direction_tablet=&#8221;default&#8221; column_direction_phone=&#8221;default&#8221; scene_position=&#8221;center&#8221; text_color=&#8221;dark&#8221; text_align=&#8221;left&#8221; row_border_radius=&#8221;none&#8221; row_border_radius_applies=&#8221;bg&#8221; overflow=&#8221;visible&#8221; overlay_strength=&#8221;0.3&#8243; gradient_direction=&#8221;left_to_right&#8221; shape_divider_position=&#8221;bottom&#8221; bg_image_animation=&#8221;none&#8221;][vc_column column_padding=&#8221;no-extra-padding&#8221; column_padding_tablet=&#8221;inherit&#8221; column_padding_phone=&#8221;inherit&#8221; column_padding_position=&#8221;all&#8221; column_element_direction_desktop=&#8221;default&#8221; column_element_spacing=&#8221;default&#8221; desktop_text_alignment=&#8221;default&#8221; tablet_text_alignment=&#8221;default&#8221; phone_text_alignment=&#8221;default&#8221; background_color_opacity=&#8221;1&#8243; background_hover_color_opacity=&#8221;1&#8243; column_backdrop_filter=&#8221;none&#8221; column_shadow=&#8221;none&#8221; column_border_radius=&#8221;none&#8221; column_link_target=&#8221;_self&#8221; column_position=&#8221;default&#8221; gradient_direction=&#8221;left_to_right&#8221; overlay_strength=&#8221;0.3&#8243; width=&#8221;1\/1&#8243; tablet_width_inherit=&#8221;default&#8221; animation_type=&#8221;default&#8221; bg_image_animation=&#8221;none&#8221; border_type=&#8221;simple&#8221; column_border_width=&#8221;none&#8221; column_border_style=&#8221;solid&#8221;][vc_column_text css=&#8221;&#8221; text_direction=&#8221;default&#8221; el_class=&#8221;mitexto&#8221;]\n<h1 class=\"wp-block-heading\">Pol\u00edtica de privacidad<\/h1>\n<p>El objetivo de esta pol\u00edtica es informar a los interesados acerca de los distintos tratamientos realizados por esta organizaci\u00f3n mediante la p\u00e1gina web y que afecten a sus datos personales de conformidad con lo establecido en la Ley Org\u00e1nica 3\/2018, de 5 de diciembre, de Protecci\u00f3n de Datos Personales y garant\u00eda de los derechos digitales y el Reglamento (UE) 2016\/679 del Parlamento Europeo y del Consejo de 27 de abril de 2016.<\/p>\n<h2>1 Identificaci\u00f3n y datos de contacto del responsable<\/h2>\n<p>La organizaci\u00f3n<\/p>\n<p>ATitular: Vanessa Olcina Marin<br \/>\nDNI: 22585012R<\/p>\n<div class=\"x_elementToProof\" role=\"presentation\" data-ogsc=\"\" data-olk-copy-source=\"MessageBody\">StartUPV, Universitat Polit\u00e8cnica de Val\u00e8ncia,<\/div>\n<div class=\"x_elementToProof\" role=\"presentation\" data-ogsc=\"\">Edificio 9B Acceso Oeste,<\/div>\n<div class=\"x_elementToProof\" role=\"presentation\" data-ogsc=\"\">Cam\u00ed de Vera, 46022 Val\u00e8ncia<\/div>\n<h2>2 Finalidades del tratamiento de sus datos personales<\/h2>\n<p>USUARIOS\/NAVEGANTES DE LA P\u00c1GINA WEB DEL RESPONSABLE.<br \/>\nTrataremos sus datos de car\u00e1cter personal facilitados a trav\u00e9s de nuestros formularios web para:<\/p>\n<p>Atender a las solicitudes, quejas e incidencias trasladadas a trav\u00e9s de nuestros canales de contacto incorporados en la p\u00e1gina web.<br \/>\nEntender el comportamiento del navegante dentro de la web con el fin de detectar posibles ataques inform\u00e1ticos a nuestra web.<br \/>\nCumplir con las obligaciones legales que nos resulten directamente aplicables y regulen nuestra actividad.<br \/>\nPara proteger y ejercer nuestros derechos o responder@ ante reclamaciones de cualquier \u00edndole.<\/p>\n<h2>3 Base jur\u00eddica del tratamiento.<\/h2>\n<p>USUARIOS\/NAVEGANTES EN LA P\u00c1GINA WEB DEL RESPONSABLE.<\/p>\n<p>En el consentimiento que nos has prestado para tratar tus datos con las finalidades indicadas. La negativa a facilitar sus datos personales conllevara la imposibilidad de tratar sus datos con las finalidades mencionadas.<br \/>\nPara cumplir con las obligaciones legales que se nos aplican. En este caso, el interesado no podr\u00e1 negarse al tratamiento de los datos personales.<br \/>\nEn nuestro inter\u00e9s leg\u00edtimo de proteger nuestra imagen, negocio y trayectoria evitando ataques a nuestra p\u00e1gina web. En este caso, el interesado no podr\u00e1 negarse al tratamiento de los datos personales, aunque podr\u00e1 ejercer, en su caso, los derechos reconocidos en el apartado octavos de la presente pol\u00edtica<\/p>\n<h2>4 Herramientas del sitio web<\/h2>\n<p>Google maps<br \/>\nUtilizamos Google Maps (API) con la finalidad demostrarle mapas interactivos directamente en nuestro sitio web y permitirle utilizar sus funciones. A estos efectos, debe tener en cuenta que, al utilizar el servicio Google Ireland Ltd, recabar\u00e1 y almacenar\u00e1 informaci\u00f3n sobre su uso. Por ello, le recomendamos que, de forma previa, lea detenidamente la pol\u00edtica de privacidad de nuestro proveedor haciendo clic aqu\u00ed.<\/p>\n<h2>5 Plazos o criterios de conservaci\u00f3n de los datos.<\/h2>\n<p>Los datos personales proporcionados se conservar\u00e1n durante el tiempo necesario para cumplir con las finalidades para los que fueron recopilados inicialmente.<\/p>\n<p>Una vez que los datos dejen de ser necesarios para el tratamiento en cuesti\u00f3n, estos se mantendr\u00e1n debidamente bloqueados para, en su caso, ponerlos a disposici\u00f3n de las Administraciones y Organismos P\u00fablicas competentes, Jueces y Tribunales o el Ministerio Fiscal, durante el plazo de prescripci\u00f3n de las acciones que pudieran derivarse de la relaci\u00f3n mantenida con el cliente y\/o los plazos de conservaci\u00f3n previstos legalmente.<\/p>\n<p>DECISIONES AUTOMATIZADAS Y ELABORACI\u00d3N DE PERFILES.<br \/>\nLa p\u00e1gina web no toma decisiones automatizadas ni elabora perfiles.<\/p>\n<p>DESTINATARIOS.<br \/>\nDurante el periodo de duraci\u00f3n del tratamiento de sus datos personales, organizaci\u00f3n podr\u00e1 ceder sus datos a los siguientes destinatarios:<\/p>\n<p>Jueces y Tribunales.<br \/>\nFuerzas y Cuerpos de Seguridad del Estado.<br \/>\nOtras autoridades u organismos p\u00fablicos competentes, cuando el responsable tenga la obligaci\u00f3n legal de facilitar los datos personales.<br \/>\nTRANSFERENCIAS INTERNACIONALES DE DATOS.<br \/>\nLa organizaci\u00f3n no realiza Transferencia Internacional de Datos alguna.<\/p>\n<p>DERECHOS.<br \/>\nLos interesados podr\u00e1n ejercer en cualquier momento y de forma totalmente gratuita los derechos de acceso, rectificaci\u00f3n y supresi\u00f3n, as\u00ed como solicitar que se limite el tratamiento de sus datos personales, oponerse al mismo, solicitar la portabilidad de estos (siempre que sea t\u00e9cnicamente posible) o retirar el consentimiento prestado, y en su caso, cuando proceda, a no ser objeto de una decisi\u00f3n basada \u00fanicamente en un tratamiento automatizado, incluido la elaboraci\u00f3n de perfiles.<\/p>\n<p>Para ello podr\u00e1 emplear los formularios habilitados por la organizaci\u00f3n, o bien dirigir un escrito a la direcci\u00f3n postal o correo electr\u00f3nico arriba indicadas. Sin embargo, se le podr\u00e1 solicitar su DNI o cualquier otro documento an\u00e1logo con la finalidad de acreditar su identidad, siempre que ello no pueda hacerse por otros medios menos intrusivos.<\/p>\n<p>En caso de que sienta vulnerados sus derechos en lo concerniente a la protecci\u00f3n de sus datos personales, especialmente cuando no haya obtenido satisfacci\u00f3n en el ejercicio de sus derechos, puede presentar una reclamaci\u00f3n ante la Autoridad de Control en materia de Protecci\u00f3n de Datos competente (Agencia Espa\u00f1ola de Protecci\u00f3n de Datos), a trav\u00e9s de su sitio web www.agpd.es.<\/p>\n<p>En cumplimiento de lo dispuesto en el art\u00edculo 21 de la Ley 34\/2002 de servicios de la sociedad de la informaci\u00f3n y comercio electr\u00f3nico, si usted no desea recibir m\u00e1s informaci\u00f3n sobre nuestros servicios, puede darse de baja enviando un correo electr\u00f3nico a la direcci\u00f3n VO@biondec.com, con asunto\u201cBAJAS\u201d.<\/p>\n<p>VERACIDAD DE LOS DATOS.<br \/>\nEl interesado garantiza que los datos aportados son verdaderos, exactos, completos y se encuentran actualizados; comprometi\u00e9ndose a informar de cualquier cambio respecto de los datos que aportara, por los canales habilitados al efecto e indicados en el punto uno de la presente pol\u00edtica. Ser\u00e1 responsable de cualquier da\u00f1o o perjuicio, tanto directo como indirecto, que pudiera ocasionar como consecuencia del incumplimiento de la presente obligaci\u00f3n.<\/p>\n<p>En el supuesto de que el usuario facilite datos de terceros, declara que cuenta con el consentimiento de los interesados y se compromete a trasladarle la informaci\u00f3n contenida en esta cl\u00e1usula, eximiendo a la organizaci\u00f3n de cualquier responsabilidad derivada por la falta de cumplimiento de la presente obligaci\u00f3n.<\/p>\n<h2>6 Redes sociales<\/h2>\n<p>Las Redes Sociales forman parte del d\u00eda a d\u00eda de muchos usuarios de Internet, y para ellos la Entidad ha creado distintos perfiles en algunas de ellas.<\/p>\n<p>Todos los usuarios que visitan nuestra p\u00e1gina web tienen la oportunidad de unirse a nuestras redes sociales o grupos.<\/p>\n<p>Sin embargo, debes tener en cuenta que, salvo que le solicitemos sus datos directamente (por ejemplo, mediante acciones de marketing, concursos, promociones, o cualquier otra forma v\u00e1lida), sus datos pertenecer\u00e1n a la Red Social correspondiente, por lo que le recomendamos que lea detenidamente sus condiciones de uso y pol\u00edticas de privacidad, as\u00ed como, se asegure de configurar sus preferencias en cuanto al tratamiento de los datos.<\/p>\n<h2>7 Modificaciones\/ actualizaci\u00f3n<\/h2>\n<p>La presente pol\u00edtica de privacidad puede verse modificada\/actualizada en funci\u00f3n de las exigencias legales establecidas o con la finalidad de adaptar dicha pol\u00edtica a las instrucciones dictadas por la Agencia Espa\u00f1ola de Protecci\u00f3n de Datos o cambios en nuestro sitio web.<\/p>\n<p>Por esta raz\u00f3n, aconsejamos a los usuarios que visiten peri\u00f3dicamente nuestra pol\u00edtica de privacidad.<\/p>\n<p>Si tiene dudas acerca de esta pol\u00edtica, puede contactar con Biondec a trav\u00e9s del siguiente correo electr\u00f3nico VO@biondec.com[\/vc_column_text][\/vc_column][\/vc_row]\n","protected":false},"excerpt":{"rendered":"<p>[vc_row type=&#8221;in_container&#8221; full_screen_row_position=&#8221;middle&#8221; column_margin=&#8221;default&#8221; column_direction=&#8221;default&#8221; column_direction_tablet=&#8221;default&#8221; column_direction_phone=&#8221;default&#8221; scene_position=&#8221;center&#8221; text_color=&#8221;dark&#8221; text_align=&#8221;left&#8221; row_border_radius=&#8221;none&#8221; row_border_radius_applies=&#8221;bg&#8221; overflow=&#8221;visible&#8221; overlay_strength=&#8221;0.3&#8243; gradient_direction=&#8221;left_to_right&#8221; shape_divider_position=&#8221;bottom&#8221; bg_image_animation=&#8221;none&#8221;][vc_column column_padding=&#8221;no-extra-padding&#8221; column_padding_tablet=&#8221;inherit&#8221; column_padding_phone=&#8221;inherit&#8221; column_padding_position=&#8221;all&#8221; column_element_direction_desktop=&#8221;default&#8221; column_element_spacing=&#8221;default&#8221; desktop_text_alignment=&#8221;default&#8221; tablet_text_alignment=&#8221;default&#8221; phone_text_alignment=&#8221;default&#8221; background_color_opacity=&#8221;1&#8243; background_hover_color_opacity=&#8221;1&#8243; column_backdrop_filter=&#8221;none&#8221; column_shadow=&#8221;none&#8221;&#8230;<\/p>\n","protected":false},"author":1,"featured_media":0,"parent":0,"menu_order":0,"comment_status":"closed","ping_status":"closed","template":"","meta":{"footnotes":""},"class_list":["post-309","page","type-page","status-publish"],"yoast_head":"<!-- This site is optimized with the Yoast SEO plugin v25.7 - https:\/\/yoast.com\/wordpress\/plugins\/seo\/ -->\n<title>Privacy policy - Biondec<\/title>\n<meta name=\"robots\" content=\"index, follow, max-snippet:-1, max-image-preview:large, max-video-preview:-1\" \/>\n<link rel=\"canonical\" href=\"https:\/\/biondec.com\/en\/privacy-policy\/\" \/>\n<meta property=\"og:locale\" content=\"en_US\" \/>\n<meta property=\"og:type\" content=\"article\" \/>\n<meta property=\"og:title\" content=\"Privacy policy - Biondec\" \/>\n<meta property=\"og:description\" content=\"[vc_row type=&#8221;in_container&#8221; full_screen_row_position=&#8221;middle&#8221; column_margin=&#8221;default&#8221; column_direction=&#8221;default&#8221; column_direction_tablet=&#8221;default&#8221; column_direction_phone=&#8221;default&#8221; scene_position=&#8221;center&#8221; text_color=&#8221;dark&#8221; text_align=&#8221;left&#8221; row_border_radius=&#8221;none&#8221; row_border_radius_applies=&#8221;bg&#8221; overflow=&#8221;visible&#8221; overlay_strength=&#8221;0.3&#8243; gradient_direction=&#8221;left_to_right&#8221; shape_divider_position=&#8221;bottom&#8221; bg_image_animation=&#8221;none&#8221;][vc_column column_padding=&#8221;no-extra-padding&#8221; column_padding_tablet=&#8221;inherit&#8221; column_padding_phone=&#8221;inherit&#8221; column_padding_position=&#8221;all&#8221; column_element_direction_desktop=&#8221;default&#8221; column_element_spacing=&#8221;default&#8221; desktop_text_alignment=&#8221;default&#8221; tablet_text_alignment=&#8221;default&#8221; phone_text_alignment=&#8221;default&#8221; background_color_opacity=&#8221;1&#8243; background_hover_color_opacity=&#8221;1&#8243; column_backdrop_filter=&#8221;none&#8221; column_shadow=&#8221;none&#8221;...\" \/>\n<meta property=\"og:url\" content=\"https:\/\/biondec.com\/en\/privacy-policy\/\" \/>\n<meta property=\"og:site_name\" content=\"Biondec\" \/>\n<meta property=\"article:modified_time\" content=\"2026-02-25T14:59:07+00:00\" \/>\n<meta name=\"twitter:card\" content=\"summary_large_image\" \/>\n<meta name=\"twitter:label1\" content=\"Est. reading time\" \/>\n\t<meta name=\"twitter:data1\" content=\"6 minutes\" \/>\n<script type=\"application\/ld+json\" class=\"yoast-schema-graph\">{\"@context\":\"https:\/\/schema.org\",\"@graph\":[{\"@type\":\"WebPage\",\"@id\":\"https:\/\/biondec.com\/en\/privacy-policy\/\",\"url\":\"https:\/\/biondec.com\/en\/privacy-policy\/\",\"name\":\"Privacy policy - Biondec\",\"isPartOf\":{\"@id\":\"https:\/\/biondec.com\/#website\"},\"datePublished\":\"2025-07-03T14:33:02+00:00\",\"dateModified\":\"2026-02-25T14:59:07+00:00\",\"breadcrumb\":{\"@id\":\"https:\/\/biondec.com\/en\/privacy-policy\/#breadcrumb\"},\"inLanguage\":\"en-US\",\"potentialAction\":[{\"@type\":\"ReadAction\",\"target\":[\"https:\/\/biondec.com\/en\/privacy-policy\/\"]}]},{\"@type\":\"BreadcrumbList\",\"@id\":\"https:\/\/biondec.com\/en\/privacy-policy\/#breadcrumb\",\"itemListElement\":[{\"@type\":\"ListItem\",\"position\":1,\"name\":\"Portada\",\"item\":\"https:\/\/biondec.com\/en\/\"},{\"@type\":\"ListItem\",\"position\":2,\"name\":\"Privacy policy\"}]},{\"@type\":\"WebSite\",\"@id\":\"https:\/\/biondec.com\/#website\",\"url\":\"https:\/\/biondec.com\/\",\"name\":\"Biondec\",\"description\":\"Consulting\",\"publisher\":{\"@id\":\"https:\/\/biondec.com\/#organization\"},\"potentialAction\":[{\"@type\":\"SearchAction\",\"target\":{\"@type\":\"EntryPoint\",\"urlTemplate\":\"https:\/\/biondec.com\/?s={search_term_string}\"},\"query-input\":{\"@type\":\"PropertyValueSpecification\",\"valueRequired\":true,\"valueName\":\"search_term_string\"}}],\"inLanguage\":\"en-US\"},{\"@type\":\"Organization\",\"@id\":\"https:\/\/biondec.com\/#organization\",\"name\":\"Biondec\",\"url\":\"https:\/\/biondec.com\/\",\"logo\":{\"@type\":\"ImageObject\",\"inLanguage\":\"en-US\",\"@id\":\"https:\/\/biondec.com\/#\/schema\/logo\/image\/\",\"url\":\"https:\/\/biondec.com\/wp-content\/uploads\/2025\/07\/biondec-logo_color.png\",\"contentUrl\":\"https:\/\/biondec.com\/wp-content\/uploads\/2025\/07\/biondec-logo_color.png\",\"width\":855,\"height\":211,\"caption\":\"Biondec\"},\"image\":{\"@id\":\"https:\/\/biondec.com\/#\/schema\/logo\/image\/\"}}]}<\/script>\n<!-- \/ Yoast SEO plugin. -->","yoast_head_json":{"title":"Privacy policy - Biondec","robots":{"index":"index","follow":"follow","max-snippet":"max-snippet:-1","max-image-preview":"max-image-preview:large","max-video-preview":"max-video-preview:-1"},"canonical":"https:\/\/biondec.com\/en\/privacy-policy\/","og_locale":"en_US","og_type":"article","og_title":"Privacy policy - Biondec","og_description":"[vc_row type=&#8221;in_container&#8221; full_screen_row_position=&#8221;middle&#8221; column_margin=&#8221;default&#8221; column_direction=&#8221;default&#8221; column_direction_tablet=&#8221;default&#8221; column_direction_phone=&#8221;default&#8221; scene_position=&#8221;center&#8221; text_color=&#8221;dark&#8221; text_align=&#8221;left&#8221; row_border_radius=&#8221;none&#8221; row_border_radius_applies=&#8221;bg&#8221; overflow=&#8221;visible&#8221; overlay_strength=&#8221;0.3&#8243; gradient_direction=&#8221;left_to_right&#8221; shape_divider_position=&#8221;bottom&#8221; bg_image_animation=&#8221;none&#8221;][vc_column column_padding=&#8221;no-extra-padding&#8221; column_padding_tablet=&#8221;inherit&#8221; column_padding_phone=&#8221;inherit&#8221; column_padding_position=&#8221;all&#8221; column_element_direction_desktop=&#8221;default&#8221; column_element_spacing=&#8221;default&#8221; desktop_text_alignment=&#8221;default&#8221; tablet_text_alignment=&#8221;default&#8221; phone_text_alignment=&#8221;default&#8221; background_color_opacity=&#8221;1&#8243; background_hover_color_opacity=&#8221;1&#8243; column_backdrop_filter=&#8221;none&#8221; column_shadow=&#8221;none&#8221;...","og_url":"https:\/\/biondec.com\/en\/privacy-policy\/","og_site_name":"Biondec","article_modified_time":"2026-02-25T14:59:07+00:00","twitter_card":"summary_large_image","twitter_misc":{"Est. reading time":"6 minutes"},"schema":{"@context":"https:\/\/schema.org","@graph":[{"@type":"WebPage","@id":"https:\/\/biondec.com\/en\/privacy-policy\/","url":"https:\/\/biondec.com\/en\/privacy-policy\/","name":"Privacy policy - Biondec","isPartOf":{"@id":"https:\/\/biondec.com\/#website"},"datePublished":"2025-07-03T14:33:02+00:00","dateModified":"2026-02-25T14:59:07+00:00","breadcrumb":{"@id":"https:\/\/biondec.com\/en\/privacy-policy\/#breadcrumb"},"inLanguage":"en-US","potentialAction":[{"@type":"ReadAction","target":["https:\/\/biondec.com\/en\/privacy-policy\/"]}]},{"@type":"BreadcrumbList","@id":"https:\/\/biondec.com\/en\/privacy-policy\/#breadcrumb","itemListElement":[{"@type":"ListItem","position":1,"name":"Portada","item":"https:\/\/biondec.com\/en\/"},{"@type":"ListItem","position":2,"name":"Privacy policy"}]},{"@type":"WebSite","@id":"https:\/\/biondec.com\/#website","url":"https:\/\/biondec.com\/","name":"Biondec","description":"Consulting","publisher":{"@id":"https:\/\/biondec.com\/#organization"},"potentialAction":[{"@type":"SearchAction","target":{"@type":"EntryPoint","urlTemplate":"https:\/\/biondec.com\/?s={search_term_string}"},"query-input":{"@type":"PropertyValueSpecification","valueRequired":true,"valueName":"search_term_string"}}],"inLanguage":"en-US"},{"@type":"Organization","@id":"https:\/\/biondec.com\/#organization","name":"Biondec","url":"https:\/\/biondec.com\/","logo":{"@type":"ImageObject","inLanguage":"en-US","@id":"https:\/\/biondec.com\/#\/schema\/logo\/image\/","url":"https:\/\/biondec.com\/wp-content\/uploads\/2025\/07\/biondec-logo_color.png","contentUrl":"https:\/\/biondec.com\/wp-content\/uploads\/2025\/07\/biondec-logo_color.png","width":855,"height":211,"caption":"Biondec"},"image":{"@id":"https:\/\/biondec.com\/#\/schema\/logo\/image\/"}}]}},"_links":{"self":[{"href":"https:\/\/biondec.com\/en\/wp-json\/wp\/v2\/pages\/309","targetHints":{"allow":["GET"]}}],"collection":[{"href":"https:\/\/biondec.com\/en\/wp-json\/wp\/v2\/pages"}],"about":[{"href":"https:\/\/biondec.com\/en\/wp-json\/wp\/v2\/types\/page"}],"author":[{"embeddable":true,"href":"https:\/\/biondec.com\/en\/wp-json\/wp\/v2\/users\/1"}],"replies":[{"embeddable":true,"href":"https:\/\/biondec.com\/en\/wp-json\/wp\/v2\/comments?post=309"}],"version-history":[{"count":2,"href":"https:\/\/biondec.com\/en\/wp-json\/wp\/v2\/pages\/309\/revisions"}],"predecessor-version":[{"id":524,"href":"https:\/\/biondec.com\/en\/wp-json\/wp\/v2\/pages\/309\/revisions\/524"}],"wp:attachment":[{"href":"https:\/\/biondec.com\/en\/wp-json\/wp\/v2\/media?parent=309"}],"curies":[{"name":"wp","href":"https:\/\/api.w.org\/{rel}","templated":true}]}}